{"id":740,"date":"2024-02-05T12:56:32","date_gmt":"2024-02-05T12:56:32","guid":{"rendered":"https:\/\/upperweb.com.br\/mznoticias\/?page_id=740"},"modified":"2024-02-05T13:05:47","modified_gmt":"2024-02-05T13:05:47","slug":"mzplay","status":"publish","type":"page","link":"https:\/\/mznoticia.com.br\/castro\/mzplay\/","title":{"rendered":"MZPlay"},"content":{"rendered":"\t\t<div data-elementor-type=\"wp-page\" data-elementor-id=\"740\" class=\"elementor elementor-740\" data-elementor-post-type=\"page\">\n\t\t\t\t<div class=\"elementor-element elementor-element-f842629 e-flex e-con-boxed e-con e-parent\" data-id=\"f842629\" data-element_type=\"container\" data-settings=\"{&quot;background_background&quot;:&quot;classic&quot;,&quot;jet_parallax_layout_list&quot;:[],&quot;content_width&quot;:&quot;boxed&quot;,&quot;_ha_eqh_enable&quot;:false}\" data-core-v316-plus=\"true\">\n\t\t\t\t\t<div class=\"e-con-inner\">\n\t\t\t\t<div class=\"elementor-element elementor-element-5107fb5 elementor-widget elementor-widget-text-editor\" data-id=\"5107fb5\" data-element_type=\"widget\" data-widget_type=\"text-editor.default\">\n\t\t\t\t<div class=\"elementor-widget-container\">\n\t\t\t<style>\/*! elementor - v3.19.0 - 07-02-2024 *\/\n.elementor-widget-text-editor.elementor-drop-cap-view-stacked .elementor-drop-cap{background-color:#69727d;color:#fff}.elementor-widget-text-editor.elementor-drop-cap-view-framed .elementor-drop-cap{color:#69727d;border:3px solid;background-color:transparent}.elementor-widget-text-editor:not(.elementor-drop-cap-view-default) .elementor-drop-cap{margin-top:8px}.elementor-widget-text-editor:not(.elementor-drop-cap-view-default) .elementor-drop-cap-letter{width:1em;height:1em}.elementor-widget-text-editor .elementor-drop-cap{float:left;text-align:center;line-height:1;font-size:50px}.elementor-widget-text-editor .elementor-drop-cap-letter{display:inline-block}<\/style>\t\t\t\t<p>MZ Play<\/p>\t\t\t\t\t\t<\/div>\n\t\t\t\t<\/div>\n\t\t\t\t\t<\/div>\n\t\t\t\t<\/div>\n\t\t<div class=\"elementor-element elementor-element-b2b493c e-flex e-con-boxed e-con e-parent\" data-id=\"b2b493c\" data-element_type=\"container\" data-settings=\"{&quot;jet_parallax_layout_list&quot;:[],&quot;content_width&quot;:&quot;boxed&quot;,&quot;_ha_eqh_enable&quot;:false}\" data-core-v316-plus=\"true\">\n\t\t\t\t\t<div class=\"e-con-inner\">\n\t\t\t\t<div class=\"elementor-element elementor-element-822d17d ha-advanced-tooltip-top elementor-widget elementor-widget-jet-listing-grid\" data-id=\"822d17d\" data-element_type=\"widget\" data-settings=\"{&quot;columns&quot;:3}\" data-widget_type=\"jet-listing-grid.default\">\n\t\t\t\t<div class=\"elementor-widget-container\">\n\t\t\t<div class=\"jet-listing-grid jet-listing\"><div class=\"jet-listing-grid__items grid-col-desk-3 grid-col-tablet-3 grid-col-mobile-3 jet-listing-grid--409\" data-queried-id=\"740|WP_Post\" data-nav=\"{&quot;enabled&quot;:true,&quot;type&quot;:&quot;scroll&quot;,&quot;more_el&quot;:null,&quot;query&quot;:{&quot;post_status&quot;:[&quot;publish&quot;],&quot;post_type&quot;:&quot;post&quot;,&quot;posts_per_page&quot;:&quot;99&quot;,&quot;paged&quot;:&quot;1&quot;,&quot;ignore_sticky_posts&quot;:&quot;1&quot;,&quot;tax_query&quot;:[{&quot;taxonomy&quot;:&quot;post_tag&quot;,&quot;field&quot;:&quot;slug&quot;,&quot;terms&quot;:[&quot;video&quot;],&quot;operator&quot;:&quot;IN&quot;}]},&quot;widget_settings&quot;:{&quot;lisitng_id&quot;:409,&quot;posts_num&quot;:99,&quot;columns&quot;:3,&quot;columns_tablet&quot;:3,&quot;columns_mobile&quot;:3,&quot;is_archive_template&quot;:&quot;&quot;,&quot;post_status&quot;:[&quot;publish&quot;],&quot;use_random_posts_num&quot;:&quot;&quot;,&quot;max_posts_num&quot;:9,&quot;not_found_message&quot;:&quot;Sem conte\\u00fado para exibir&quot;,&quot;is_masonry&quot;:false,&quot;equal_columns_height&quot;:&quot;&quot;,&quot;use_load_more&quot;:&quot;yes&quot;,&quot;load_more_id&quot;:&quot;&quot;,&quot;load_more_type&quot;:&quot;scroll&quot;,&quot;load_more_offset&quot;:{&quot;unit&quot;:&quot;px&quot;,&quot;size&quot;:0,&quot;sizes&quot;:[]},&quot;use_custom_post_types&quot;:&quot;&quot;,&quot;custom_post_types&quot;:[],&quot;hide_widget_if&quot;:&quot;&quot;,&quot;carousel_enabled&quot;:&quot;&quot;,&quot;slides_to_scroll&quot;:&quot;1&quot;,&quot;arrows&quot;:&quot;true&quot;,&quot;arrow_icon&quot;:&quot;fa fa-angle-left&quot;,&quot;dots&quot;:&quot;&quot;,&quot;autoplay&quot;:&quot;true&quot;,&quot;pause_on_hover&quot;:&quot;true&quot;,&quot;autoplay_speed&quot;:5000,&quot;infinite&quot;:&quot;true&quot;,&quot;center_mode&quot;:&quot;&quot;,&quot;effect&quot;:&quot;slide&quot;,&quot;speed&quot;:500,&quot;inject_alternative_items&quot;:&quot;&quot;,&quot;injection_items&quot;:[],&quot;scroll_slider_enabled&quot;:&quot;&quot;,&quot;scroll_slider_on&quot;:[&quot;desktop&quot;,&quot;tablet&quot;,&quot;mobile&quot;],&quot;custom_query&quot;:false,&quot;custom_query_id&quot;:&quot;&quot;,&quot;_element_id&quot;:&quot;&quot;}}\" data-page=\"1\" data-pages=\"1\" data-listing-source=\"posts\" data-listing-id=\"409\" data-query-id=\"\"><div class=\"jet-listing-grid__item jet-listing-dynamic-post-895\" data-post-id=\"895\" ><style type=\"text\/css\">.jet-listing-dynamic-post-895 .elementor-element.elementor-element-e48add7:not(.elementor-motion-effects-element-type-background), .jet-listing-dynamic-post-895 .elementor-element.elementor-element-e48add7 > .elementor-motion-effects-container > .elementor-motion-effects-layer{background-image:url(\"https:\/\/mznoticia.com.br\/castro\/wp-content\/uploads\/2024\/02\/feiop4.jpg\");}<\/style>\t\t<div data-elementor-type=\"jet-listing-items\" data-elementor-id=\"409\" class=\"elementor elementor-409\" data-elementor-post-type=\"jet-engine\">\n\t\t\t\t<div data-ha-element-link=\"{&quot;url&quot;:&quot;https:\\\/\\\/mznoticia.com.br\\\/castro\\\/acidente-mata-dois-veja-video\\\/&quot;,&quot;is_external&quot;:&quot;&quot;,&quot;nofollow&quot;:&quot;&quot;}\" style=\"cursor: pointer\" class=\"elementor-element elementor-element-e48add7 e-flex e-con-boxed e-con e-parent\" data-id=\"e48add7\" data-element_type=\"container\" data-settings=\"{&quot;background_background&quot;:&quot;classic&quot;,&quot;jet_parallax_layout_list&quot;:[],&quot;content_width&quot;:&quot;boxed&quot;,&quot;_ha_eqh_enable&quot;:false}\" data-core-v316-plus=\"true\">\n\t\t\t\t\t<div class=\"e-con-inner\">\n\t\t\t\t<div class=\"elementor-element elementor-element-d8b5146 elementor-view-default elementor-widget elementor-widget-icon\" data-id=\"d8b5146\" data-element_type=\"widget\" data-widget_type=\"icon.default\">\n\t\t\t\t<div class=\"elementor-widget-container\">\n\t\t\t\t\t<div class=\"elementor-icon-wrapper\">\n\t\t\t<div class=\"elementor-icon\">\n\t\t\t<svg aria-hidden=\"true\" class=\"e-font-icon-svg e-far-play-circle\" viewBox=\"0 0 512 512\" xmlns=\"http:\/\/www.w3.org\/2000\/svg\"><path d=\"M371.7 238l-176-107c-15.8-8.8-35.7 2.5-35.7 21v208c0 18.4 19.8 29.8 35.7 21l176-101c16.4-9.1 16.4-32.8 0-42zM504 256C504 119 393 8 256 8S8 119 8 256s111 248 248 248 248-111 248-248zm-448 0c0-110.5 89.5-200 200-200s200 89.5 200 200-89.5 200-200 200S56 366.5 56 256z\"><\/path><\/svg>\t\t\t<\/div>\n\t\t<\/div>\n\t\t\t\t<\/div>\n\t\t\t\t<\/div>\n\t\t\t\t<div class=\"elementor-element elementor-element-bd4c8af elementor-widget elementor-widget-text-editor\" data-id=\"bd4c8af\" data-element_type=\"widget\" data-widget_type=\"text-editor.default\">\n\t\t\t\t<div class=\"elementor-widget-container\">\n\t\t\t\t\t\t\tAcidente mata dois; veja v\u00eddeo\t\t\t\t\t\t<\/div>\n\t\t\t\t<\/div>\n\t\t\t\t\t<\/div>\n\t\t\t\t<\/div>\n\t\t\t\t<\/div>\n\t\t<\/div><div class=\"jet-listing-grid__item jet-listing-dynamic-post-907\" data-post-id=\"907\" ><style type=\"text\/css\">.jet-listing-dynamic-post-907 .elementor-element.elementor-element-e48add7:not(.elementor-motion-effects-element-type-background), .jet-listing-dynamic-post-907 .elementor-element.elementor-element-e48add7 > .elementor-motion-effects-container > .elementor-motion-effects-layer{background-image:url(\"https:\/\/mznoticia.com.br\/castro\/wp-content\/uploads\/2024\/02\/dist7423fc34-da26-42c5-8e2e-568f488f2c9d.jpg\");}<\/style>\t\t<div data-elementor-type=\"jet-listing-items\" data-elementor-id=\"409\" class=\"elementor elementor-409\" data-elementor-post-type=\"jet-engine\">\n\t\t\t\t<div data-ha-element-link=\"{&quot;url&quot;:&quot;https:\\\/\\\/mznoticia.com.br\\\/castro\\\/inicia-construcao-das-terceiras-faixas\\\/&quot;,&quot;is_external&quot;:&quot;&quot;,&quot;nofollow&quot;:&quot;&quot;}\" style=\"cursor: pointer\" class=\"elementor-element elementor-element-e48add7 e-flex e-con-boxed e-con e-parent\" data-id=\"e48add7\" data-element_type=\"container\" data-settings=\"{&quot;background_background&quot;:&quot;classic&quot;,&quot;jet_parallax_layout_list&quot;:[],&quot;content_width&quot;:&quot;boxed&quot;,&quot;_ha_eqh_enable&quot;:false}\" data-core-v316-plus=\"true\">\n\t\t\t\t\t<div class=\"e-con-inner\">\n\t\t\t\t<div class=\"elementor-element elementor-element-d8b5146 elementor-view-default elementor-widget elementor-widget-icon\" data-id=\"d8b5146\" data-element_type=\"widget\" data-widget_type=\"icon.default\">\n\t\t\t\t<div class=\"elementor-widget-container\">\n\t\t\t\t\t<div class=\"elementor-icon-wrapper\">\n\t\t\t<div class=\"elementor-icon\">\n\t\t\t<svg aria-hidden=\"true\" class=\"e-font-icon-svg e-far-play-circle\" viewBox=\"0 0 512 512\" xmlns=\"http:\/\/www.w3.org\/2000\/svg\"><path d=\"M371.7 238l-176-107c-15.8-8.8-35.7 2.5-35.7 21v208c0 18.4 19.8 29.8 35.7 21l176-101c16.4-9.1 16.4-32.8 0-42zM504 256C504 119 393 8 256 8S8 119 8 256s111 248 248 248 248-111 248-248zm-448 0c0-110.5 89.5-200 200-200s200 89.5 200 200-89.5 200-200 200S56 366.5 56 256z\"><\/path><\/svg>\t\t\t<\/div>\n\t\t<\/div>\n\t\t\t\t<\/div>\n\t\t\t\t<\/div>\n\t\t\t\t<div class=\"elementor-element elementor-element-bd4c8af elementor-widget elementor-widget-text-editor\" data-id=\"bd4c8af\" data-element_type=\"widget\" data-widget_type=\"text-editor.default\">\n\t\t\t\t<div class=\"elementor-widget-container\">\n\t\t\t\t\t\t\tGastronomia em Balne\u00e1rio Cambori\u00fa\t\t\t\t\t\t<\/div>\n\t\t\t\t<\/div>\n\t\t\t\t\t<\/div>\n\t\t\t\t<\/div>\n\t\t\t\t<\/div>\n\t\t<\/div><div class=\"jet-listing-grid__item jet-listing-dynamic-post-914\" data-post-id=\"914\" ><style type=\"text\/css\">.jet-listing-dynamic-post-914 .elementor-element.elementor-element-e48add7:not(.elementor-motion-effects-element-type-background), .jet-listing-dynamic-post-914 .elementor-element.elementor-element-e48add7 > .elementor-motion-effects-container > .elementor-motion-effects-layer{background-image:url(\"https:\/\/mznoticia.com.br\/castro\/wp-content\/uploads\/2024\/02\/39632-arte-sao-paulo-banner-principal-1180x420px-2-1.png\");}<\/style>\t\t<div data-elementor-type=\"jet-listing-items\" data-elementor-id=\"409\" class=\"elementor elementor-409\" data-elementor-post-type=\"jet-engine\">\n\t\t\t\t<div data-ha-element-link=\"{&quot;url&quot;:&quot;https:\\\/\\\/mznoticia.com.br\\\/castro\\\/atletas-do-norte-pioneiro-sao-destaque\\\/&quot;,&quot;is_external&quot;:&quot;&quot;,&quot;nofollow&quot;:&quot;&quot;}\" style=\"cursor: pointer\" class=\"elementor-element elementor-element-e48add7 e-flex e-con-boxed e-con e-parent\" data-id=\"e48add7\" data-element_type=\"container\" data-settings=\"{&quot;background_background&quot;:&quot;classic&quot;,&quot;jet_parallax_layout_list&quot;:[],&quot;content_width&quot;:&quot;boxed&quot;,&quot;_ha_eqh_enable&quot;:false}\" data-core-v316-plus=\"true\">\n\t\t\t\t\t<div class=\"e-con-inner\">\n\t\t\t\t<div class=\"elementor-element elementor-element-d8b5146 elementor-view-default elementor-widget elementor-widget-icon\" data-id=\"d8b5146\" data-element_type=\"widget\" data-widget_type=\"icon.default\">\n\t\t\t\t<div class=\"elementor-widget-container\">\n\t\t\t\t\t<div class=\"elementor-icon-wrapper\">\n\t\t\t<div class=\"elementor-icon\">\n\t\t\t<svg aria-hidden=\"true\" class=\"e-font-icon-svg e-far-play-circle\" viewBox=\"0 0 512 512\" xmlns=\"http:\/\/www.w3.org\/2000\/svg\"><path d=\"M371.7 238l-176-107c-15.8-8.8-35.7 2.5-35.7 21v208c0 18.4 19.8 29.8 35.7 21l176-101c16.4-9.1 16.4-32.8 0-42zM504 256C504 119 393 8 256 8S8 119 8 256s111 248 248 248 248-111 248-248zm-448 0c0-110.5 89.5-200 200-200s200 89.5 200 200-89.5 200-200 200S56 366.5 56 256z\"><\/path><\/svg>\t\t\t<\/div>\n\t\t<\/div>\n\t\t\t\t<\/div>\n\t\t\t\t<\/div>\n\t\t\t\t<div class=\"elementor-element elementor-element-bd4c8af elementor-widget elementor-widget-text-editor\" data-id=\"bd4c8af\" data-element_type=\"widget\" data-widget_type=\"text-editor.default\">\n\t\t\t\t<div class=\"elementor-widget-container\">\n\t\t\t\t\t\t\tFen\u00f4meno Mundial na Internet Overdriver Duo faz show em Curitiba\t\t\t\t\t\t<\/div>\n\t\t\t\t<\/div>\n\t\t\t\t\t<\/div>\n\t\t\t\t<\/div>\n\t\t\t\t<\/div>\n\t\t<\/div><\/div><\/div>\t\t<\/div>\n\t\t\t\t<\/div>\n\t\t\t\t\t<\/div>\n\t\t\t\t<\/div>\n\t\t\t\t<\/div>\n\t\t","protected":false},"excerpt":{"rendered":"<p>MZ Play<\/p>\n","protected":false},"author":1,"featured_media":0,"parent":0,"menu_order":0,"comment_status":"closed","ping_status":"closed","template":"","meta":{"footnotes":""},"class_list":["post-740","page","type-page","status-publish","hentry"],"yoast_head":"<!-- This site is optimized with the Yoast SEO plugin v25.7 - https:\/\/yoast.com\/wordpress\/plugins\/seo\/ -->\n<title>MZPlay - Mz Not\u00edcias<\/title>\n<meta name=\"robots\" content=\"index, follow, max-snippet:-1, max-image-preview:large, max-video-preview:-1\" \/>\n<link rel=\"canonical\" href=\"https:\/\/mznoticia.com.br\/castro\/mzplay\/\" \/>\n<meta property=\"og:locale\" content=\"pt_BR\" \/>\n<meta property=\"og:type\" content=\"article\" \/>\n<meta property=\"og:title\" content=\"MZPlay - Mz Not\u00edcias\" \/>\n<meta property=\"og:description\" content=\"MZ Play\" \/>\n<meta property=\"og:url\" content=\"https:\/\/mznoticia.com.br\/castro\/mzplay\/\" \/>\n<meta property=\"og:site_name\" content=\"Mz Not\u00edcias\" \/>\n<meta property=\"article:modified_time\" content=\"2024-02-05T13:05:47+00:00\" \/>\n<meta name=\"twitter:card\" content=\"summary_large_image\" \/>\n<script type=\"application\/ld+json\" class=\"yoast-schema-graph\">{\"@context\":\"https:\/\/schema.org\",\"@graph\":[{\"@type\":\"WebPage\",\"@id\":\"https:\/\/mznoticia.com.br\/castro\/mzplay\/\",\"url\":\"https:\/\/mznoticia.com.br\/castro\/mzplay\/\",\"name\":\"MZPlay - Mz Not\u00edcias\",\"isPartOf\":{\"@id\":\"https:\/\/mznoticia.com.br\/castro\/#website\"},\"datePublished\":\"2024-02-05T12:56:32+00:00\",\"dateModified\":\"2024-02-05T13:05:47+00:00\",\"breadcrumb\":{\"@id\":\"https:\/\/mznoticia.com.br\/castro\/mzplay\/#breadcrumb\"},\"inLanguage\":\"pt-BR\",\"potentialAction\":[{\"@type\":\"ReadAction\",\"target\":[\"https:\/\/mznoticia.com.br\/castro\/mzplay\/\"]}]},{\"@type\":\"BreadcrumbList\",\"@id\":\"https:\/\/mznoticia.com.br\/castro\/mzplay\/#breadcrumb\",\"itemListElement\":[{\"@type\":\"ListItem\",\"position\":1,\"name\":\"In\u00edcio\",\"item\":\"https:\/\/mznoticia.com.br\/castro\/\"},{\"@type\":\"ListItem\",\"position\":2,\"name\":\"MZPlay\"}]},{\"@type\":\"WebSite\",\"@id\":\"https:\/\/mznoticia.com.br\/castro\/#website\",\"url\":\"https:\/\/mznoticia.com.br\/castro\/\",\"name\":\"Mz Not\u00edcias\",\"description\":\"A informa\u00e7\u00e3o que voc\u00ea precisa na hora certa!\",\"publisher\":{\"@id\":\"https:\/\/mznoticia.com.br\/castro\/#organization\"},\"potentialAction\":[{\"@type\":\"SearchAction\",\"target\":{\"@type\":\"EntryPoint\",\"urlTemplate\":\"https:\/\/mznoticia.com.br\/castro\/?s={search_term_string}\"},\"query-input\":{\"@type\":\"PropertyValueSpecification\",\"valueRequired\":true,\"valueName\":\"search_term_string\"}}],\"inLanguage\":\"pt-BR\"},{\"@type\":\"Organization\",\"@id\":\"https:\/\/mznoticia.com.br\/castro\/#organization\",\"name\":\"Mz Not\u00edcias\",\"url\":\"https:\/\/mznoticia.com.br\/castro\/\",\"logo\":{\"@type\":\"ImageObject\",\"inLanguage\":\"pt-BR\",\"@id\":\"https:\/\/mznoticia.com.br\/castro\/#\/schema\/logo\/image\/\",\"url\":\"https:\/\/mznoticia.com.br\/castro\/wp-content\/uploads\/2024\/02\/MzNoticias_logo_semFundo3.png\",\"contentUrl\":\"https:\/\/mznoticia.com.br\/castro\/wp-content\/uploads\/2024\/02\/MzNoticias_logo_semFundo3.png\",\"width\":2048,\"height\":840,\"caption\":\"Mz Not\u00edcias\"},\"image\":{\"@id\":\"https:\/\/mznoticia.com.br\/castro\/#\/schema\/logo\/image\/\"}}]}<\/script>\n<!-- \/ Yoast SEO plugin. -->","yoast_head_json":{"title":"MZPlay - Mz Not\u00edcias","robots":{"index":"index","follow":"follow","max-snippet":"max-snippet:-1","max-image-preview":"max-image-preview:large","max-video-preview":"max-video-preview:-1"},"canonical":"https:\/\/mznoticia.com.br\/castro\/mzplay\/","og_locale":"pt_BR","og_type":"article","og_title":"MZPlay - Mz Not\u00edcias","og_description":"MZ Play","og_url":"https:\/\/mznoticia.com.br\/castro\/mzplay\/","og_site_name":"Mz Not\u00edcias","article_modified_time":"2024-02-05T13:05:47+00:00","twitter_card":"summary_large_image","schema":{"@context":"https:\/\/schema.org","@graph":[{"@type":"WebPage","@id":"https:\/\/mznoticia.com.br\/castro\/mzplay\/","url":"https:\/\/mznoticia.com.br\/castro\/mzplay\/","name":"MZPlay - Mz Not\u00edcias","isPartOf":{"@id":"https:\/\/mznoticia.com.br\/castro\/#website"},"datePublished":"2024-02-05T12:56:32+00:00","dateModified":"2024-02-05T13:05:47+00:00","breadcrumb":{"@id":"https:\/\/mznoticia.com.br\/castro\/mzplay\/#breadcrumb"},"inLanguage":"pt-BR","potentialAction":[{"@type":"ReadAction","target":["https:\/\/mznoticia.com.br\/castro\/mzplay\/"]}]},{"@type":"BreadcrumbList","@id":"https:\/\/mznoticia.com.br\/castro\/mzplay\/#breadcrumb","itemListElement":[{"@type":"ListItem","position":1,"name":"In\u00edcio","item":"https:\/\/mznoticia.com.br\/castro\/"},{"@type":"ListItem","position":2,"name":"MZPlay"}]},{"@type":"WebSite","@id":"https:\/\/mznoticia.com.br\/castro\/#website","url":"https:\/\/mznoticia.com.br\/castro\/","name":"Mz Not\u00edcias","description":"A informa\u00e7\u00e3o que voc\u00ea precisa na hora certa!","publisher":{"@id":"https:\/\/mznoticia.com.br\/castro\/#organization"},"potentialAction":[{"@type":"SearchAction","target":{"@type":"EntryPoint","urlTemplate":"https:\/\/mznoticia.com.br\/castro\/?s={search_term_string}"},"query-input":{"@type":"PropertyValueSpecification","valueRequired":true,"valueName":"search_term_string"}}],"inLanguage":"pt-BR"},{"@type":"Organization","@id":"https:\/\/mznoticia.com.br\/castro\/#organization","name":"Mz Not\u00edcias","url":"https:\/\/mznoticia.com.br\/castro\/","logo":{"@type":"ImageObject","inLanguage":"pt-BR","@id":"https:\/\/mznoticia.com.br\/castro\/#\/schema\/logo\/image\/","url":"https:\/\/mznoticia.com.br\/castro\/wp-content\/uploads\/2024\/02\/MzNoticias_logo_semFundo3.png","contentUrl":"https:\/\/mznoticia.com.br\/castro\/wp-content\/uploads\/2024\/02\/MzNoticias_logo_semFundo3.png","width":2048,"height":840,"caption":"Mz Not\u00edcias"},"image":{"@id":"https:\/\/mznoticia.com.br\/castro\/#\/schema\/logo\/image\/"}}]}},"_links":{"self":[{"href":"https:\/\/mznoticia.com.br\/castro\/wp-json\/wp\/v2\/pages\/740","targetHints":{"allow":["GET"]}}],"collection":[{"href":"https:\/\/mznoticia.com.br\/castro\/wp-json\/wp\/v2\/pages"}],"about":[{"href":"https:\/\/mznoticia.com.br\/castro\/wp-json\/wp\/v2\/types\/page"}],"author":[{"embeddable":true,"href":"https:\/\/mznoticia.com.br\/castro\/wp-json\/wp\/v2\/users\/1"}],"replies":[{"embeddable":true,"href":"https:\/\/mznoticia.com.br\/castro\/wp-json\/wp\/v2\/comments?post=740"}],"version-history":[{"count":16,"href":"https:\/\/mznoticia.com.br\/castro\/wp-json\/wp\/v2\/pages\/740\/revisions"}],"predecessor-version":[{"id":757,"href":"https:\/\/mznoticia.com.br\/castro\/wp-json\/wp\/v2\/pages\/740\/revisions\/757"}],"wp:attachment":[{"href":"https:\/\/mznoticia.com.br\/castro\/wp-json\/wp\/v2\/media?parent=740"}],"curies":[{"name":"wp","href":"https:\/\/api.w.org\/{rel}","templated":true}]}}